{"id":62,"date":"2025-09-02T15:25:44","date_gmt":"2025-09-02T15:25:44","guid":{"rendered":"http:\/\/pq.ballontop.com\/?post_type=product&#038;p=62"},"modified":"2026-04-11T09:20:58","modified_gmt":"2026-04-11T09:20:58","slug":"sl-benfica-led-pack-pt","status":"publish","type":"product","link":"https:\/\/ballontop.com\/pt-pt\/produto\/sl-benfica-led-pack-pt\/","title":{"rendered":"SL Benfica"},"content":{"rendered":"","protected":false},"excerpt":{"rendered":"<p><strong>Asas ativadas.<\/strong><br \/>\nBall On Top \u00b7 Pack Completo<\/p>\n<p>Bon\u00e9 oficial do SL Benfica + bola LED recarreg\u00e1vel + suporte premium<\/p>\n","protected":false},"featured_media":1706,"template":"","meta":{"_acf_changed":false},"product_brand":[1039],"product_cat":[1044],"product_tag":[],"class_list":{"0":"post-62","1":"product","2":"type-product","3":"status-publish","4":"has-post-thumbnail","6":"product_brand-sl-benfica-bot-pt","7":"product_cat-conjunto-completo","9":"first","10":"instock","11":"sale","12":"taxable","13":"shipping-taxable","14":"purchasable","15":"product-type-variable"},"acf":[],"yoast_head":"<!-- This site is optimized with the Yoast SEO plugin v27.3 - https:\/\/yoast.com\/product\/yoast-seo-wordpress\/ -->\n<title>SL Benfica - Ball on Top - Acess\u00f3rios para f\u00e3s<\/title>\n<meta name=\"description\" content=\"Descubra Ball On Top B.O.T SL Benfica, o bon\u00e9 personaliz\u00e1vel com luzes e m\u00fasica. Ideal para f\u00e3s, eventos esportivos e celebra\u00e7\u00f5es.\" \/>\n<meta name=\"robots\" content=\"index, follow, max-snippet:-1, max-image-preview:large, max-video-preview:-1\" \/>\n<link rel=\"canonical\" href=\"https:\/\/ballontop.com\/pt-pt\/produto\/sl-benfica-led-pack-pt\/\" \/>\n<meta property=\"og:locale\" content=\"pt_PT\" \/>\n<meta property=\"og:type\" content=\"article\" \/>\n<meta property=\"og:title\" content=\"SL Benfica - Ball on Top - Acess\u00f3rios para f\u00e3s\" \/>\n<meta property=\"og:description\" content=\"Descubra Ball On Top B.O.T SL Benfica, o bon\u00e9 personaliz\u00e1vel com luzes e m\u00fasica. Ideal para f\u00e3s, eventos esportivos e celebra\u00e7\u00f5es.\" \/>\n<meta property=\"og:url\" content=\"https:\/\/ballontop.com\/pt-pt\/produto\/sl-benfica-led-pack-pt\/\" \/>\n<meta property=\"og:site_name\" content=\"Ball on Top\" \/>\n<meta property=\"article:modified_time\" content=\"2026-04-11T09:20:58+00:00\" \/>\n<meta property=\"og:image\" content=\"https:\/\/ballontop.com\/wp-content\/uploads\/2026\/02\/Benfica_sideL_11low.jpg\" \/>\n\t<meta property=\"og:image:width\" content=\"1376\" \/>\n\t<meta property=\"og:image:height\" content=\"2064\" \/>\n\t<meta property=\"og:image:type\" content=\"image\/jpeg\" \/>\n<meta name=\"twitter:card\" content=\"summary_large_image\" \/>\n<meta name=\"twitter:label1\" content=\"Tempo estimado de leitura\" \/>\n\t<meta name=\"twitter:data1\" content=\"1 minuto\" \/>\n<script type=\"application\/ld+json\" class=\"yoast-schema-graph\">{\"@context\":\"https:\\\/\\\/schema.org\",\"@graph\":[{\"@type\":\"WebPage\",\"@id\":\"https:\\\/\\\/ballontop.com\\\/pt-pt\\\/produto\\\/sl-benfica-led-pack-pt\\\/\",\"url\":\"https:\\\/\\\/ballontop.com\\\/pt-pt\\\/produto\\\/sl-benfica-led-pack-pt\\\/\",\"name\":\"SL Benfica - Ball on Top - Acess\u00f3rios para f\u00e3s\",\"isPartOf\":{\"@id\":\"https:\\\/\\\/ballontop.com\\\/pt-pt\\\/#website\"},\"primaryImageOfPage\":{\"@id\":\"https:\\\/\\\/ballontop.com\\\/pt-pt\\\/produto\\\/sl-benfica-led-pack-pt\\\/#primaryimage\"},\"image\":{\"@id\":\"https:\\\/\\\/ballontop.com\\\/pt-pt\\\/produto\\\/sl-benfica-led-pack-pt\\\/#primaryimage\"},\"thumbnailUrl\":\"https:\\\/\\\/ballontop.com\\\/wp-content\\\/uploads\\\/2026\\\/02\\\/Benfica_sideL_11low.jpg\",\"datePublished\":\"2025-09-02T15:25:44+00:00\",\"dateModified\":\"2026-04-11T09:20:58+00:00\",\"description\":\"Descubra Ball On Top B.O.T SL Benfica, o bon\u00e9 personaliz\u00e1vel com luzes e m\u00fasica. Ideal para f\u00e3s, eventos esportivos e celebra\u00e7\u00f5es.\",\"breadcrumb\":{\"@id\":\"https:\\\/\\\/ballontop.com\\\/pt-pt\\\/produto\\\/sl-benfica-led-pack-pt\\\/#breadcrumb\"},\"inLanguage\":\"pt-PT\",\"potentialAction\":[{\"@type\":\"ReadAction\",\"target\":[\"https:\\\/\\\/ballontop.com\\\/pt-pt\\\/produto\\\/sl-benfica-led-pack-pt\\\/\"]}]},{\"@type\":\"ImageObject\",\"inLanguage\":\"pt-PT\",\"@id\":\"https:\\\/\\\/ballontop.com\\\/pt-pt\\\/produto\\\/sl-benfica-led-pack-pt\\\/#primaryimage\",\"url\":\"https:\\\/\\\/ballontop.com\\\/wp-content\\\/uploads\\\/2026\\\/02\\\/Benfica_sideL_11low.jpg\",\"contentUrl\":\"https:\\\/\\\/ballontop.com\\\/wp-content\\\/uploads\\\/2026\\\/02\\\/Benfica_sideL_11low.jpg\",\"width\":1376,\"height\":2064,\"caption\":\"Celebra cada golo com luz pr\u00f3pria. SL Benfica Ball On Top.\"},{\"@type\":\"BreadcrumbList\",\"@id\":\"https:\\\/\\\/ballontop.com\\\/pt-pt\\\/produto\\\/sl-benfica-led-pack-pt\\\/#breadcrumb\",\"itemListElement\":[{\"@type\":\"ListItem\",\"position\":1,\"name\":\"Home\",\"item\":\"https:\\\/\\\/ballontop.com\\\/pt-pt\\\/\"},{\"@type\":\"ListItem\",\"position\":2,\"name\":\"Loja\",\"item\":\"https:\\\/\\\/ballontop.com\\\/pt-pt\\\/loja\\\/\"},{\"@type\":\"ListItem\",\"position\":3,\"name\":\"SL Benfica\"}]},{\"@type\":\"WebSite\",\"@id\":\"https:\\\/\\\/ballontop.com\\\/pt-pt\\\/#website\",\"url\":\"https:\\\/\\\/ballontop.com\\\/pt-pt\\\/\",\"name\":\"Ball on Top\",\"description\":\"Official and collectible accessories for fans of all leagues.\",\"publisher\":{\"@id\":\"https:\\\/\\\/ballontop.com\\\/pt-pt\\\/#organization\"},\"potentialAction\":[{\"@type\":\"SearchAction\",\"target\":{\"@type\":\"EntryPoint\",\"urlTemplate\":\"https:\\\/\\\/ballontop.com\\\/pt-pt\\\/?s={search_term_string}\"},\"query-input\":{\"@type\":\"PropertyValueSpecification\",\"valueRequired\":true,\"valueName\":\"search_term_string\"}}],\"inLanguage\":\"pt-PT\"},{\"@type\":\"Organization\",\"@id\":\"https:\\\/\\\/ballontop.com\\\/pt-pt\\\/#organization\",\"name\":\"Ball on Top\",\"url\":\"https:\\\/\\\/ballontop.com\\\/pt-pt\\\/\",\"logo\":{\"@type\":\"ImageObject\",\"inLanguage\":\"pt-PT\",\"@id\":\"https:\\\/\\\/ballontop.com\\\/pt-pt\\\/#\\\/schema\\\/logo\\\/image\\\/\",\"url\":\"https:\\\/\\\/ballontop.com\\\/wp-content\\\/uploads\\\/2025\\\/10\\\/cropped-BOT_logo_bw.png\",\"contentUrl\":\"https:\\\/\\\/ballontop.com\\\/wp-content\\\/uploads\\\/2025\\\/10\\\/cropped-BOT_logo_bw.png\",\"width\":1665,\"height\":517,\"caption\":\"Ball on Top\"},\"image\":{\"@id\":\"https:\\\/\\\/ballontop.com\\\/pt-pt\\\/#\\\/schema\\\/logo\\\/image\\\/\"}}]}<\/script>\n<!-- \/ Yoast SEO plugin. -->","yoast_head_json":{"title":"SL Benfica - Ball on Top - Acess\u00f3rios para f\u00e3s","description":"Descubra Ball On Top B.O.T SL Benfica, o bon\u00e9 personaliz\u00e1vel com luzes e m\u00fasica. Ideal para f\u00e3s, eventos esportivos e celebra\u00e7\u00f5es.","robots":{"index":"index","follow":"follow","max-snippet":"max-snippet:-1","max-image-preview":"max-image-preview:large","max-video-preview":"max-video-preview:-1"},"canonical":"https:\/\/ballontop.com\/pt-pt\/produto\/sl-benfica-led-pack-pt\/","og_locale":"pt_PT","og_type":"article","og_title":"SL Benfica - Ball on Top - Acess\u00f3rios para f\u00e3s","og_description":"Descubra Ball On Top B.O.T SL Benfica, o bon\u00e9 personaliz\u00e1vel com luzes e m\u00fasica. Ideal para f\u00e3s, eventos esportivos e celebra\u00e7\u00f5es.","og_url":"https:\/\/ballontop.com\/pt-pt\/produto\/sl-benfica-led-pack-pt\/","og_site_name":"Ball on Top","article_modified_time":"2026-04-11T09:20:58+00:00","og_image":[{"width":1376,"height":2064,"url":"https:\/\/ballontop.com\/wp-content\/uploads\/2026\/02\/Benfica_sideL_11low.jpg","type":"image\/jpeg"}],"twitter_card":"summary_large_image","twitter_misc":{"Tempo estimado de leitura":"1 minuto"},"schema":{"@context":"https:\/\/schema.org","@graph":[{"@type":"WebPage","@id":"https:\/\/ballontop.com\/pt-pt\/produto\/sl-benfica-led-pack-pt\/","url":"https:\/\/ballontop.com\/pt-pt\/produto\/sl-benfica-led-pack-pt\/","name":"SL Benfica - Ball on Top - Acess\u00f3rios para f\u00e3s","isPartOf":{"@id":"https:\/\/ballontop.com\/pt-pt\/#website"},"primaryImageOfPage":{"@id":"https:\/\/ballontop.com\/pt-pt\/produto\/sl-benfica-led-pack-pt\/#primaryimage"},"image":{"@id":"https:\/\/ballontop.com\/pt-pt\/produto\/sl-benfica-led-pack-pt\/#primaryimage"},"thumbnailUrl":"https:\/\/ballontop.com\/wp-content\/uploads\/2026\/02\/Benfica_sideL_11low.jpg","datePublished":"2025-09-02T15:25:44+00:00","dateModified":"2026-04-11T09:20:58+00:00","description":"Descubra Ball On Top B.O.T SL Benfica, o bon\u00e9 personaliz\u00e1vel com luzes e m\u00fasica. Ideal para f\u00e3s, eventos esportivos e celebra\u00e7\u00f5es.","breadcrumb":{"@id":"https:\/\/ballontop.com\/pt-pt\/produto\/sl-benfica-led-pack-pt\/#breadcrumb"},"inLanguage":"pt-PT","potentialAction":[{"@type":"ReadAction","target":["https:\/\/ballontop.com\/pt-pt\/produto\/sl-benfica-led-pack-pt\/"]}]},{"@type":"ImageObject","inLanguage":"pt-PT","@id":"https:\/\/ballontop.com\/pt-pt\/produto\/sl-benfica-led-pack-pt\/#primaryimage","url":"https:\/\/ballontop.com\/wp-content\/uploads\/2026\/02\/Benfica_sideL_11low.jpg","contentUrl":"https:\/\/ballontop.com\/wp-content\/uploads\/2026\/02\/Benfica_sideL_11low.jpg","width":1376,"height":2064,"caption":"Celebra cada golo com luz pr\u00f3pria. SL Benfica Ball On Top."},{"@type":"BreadcrumbList","@id":"https:\/\/ballontop.com\/pt-pt\/produto\/sl-benfica-led-pack-pt\/#breadcrumb","itemListElement":[{"@type":"ListItem","position":1,"name":"Home","item":"https:\/\/ballontop.com\/pt-pt\/"},{"@type":"ListItem","position":2,"name":"Loja","item":"https:\/\/ballontop.com\/pt-pt\/loja\/"},{"@type":"ListItem","position":3,"name":"SL Benfica"}]},{"@type":"WebSite","@id":"https:\/\/ballontop.com\/pt-pt\/#website","url":"https:\/\/ballontop.com\/pt-pt\/","name":"Ball on Top","description":"Official and collectible accessories for fans of all leagues.","publisher":{"@id":"https:\/\/ballontop.com\/pt-pt\/#organization"},"potentialAction":[{"@type":"SearchAction","target":{"@type":"EntryPoint","urlTemplate":"https:\/\/ballontop.com\/pt-pt\/?s={search_term_string}"},"query-input":{"@type":"PropertyValueSpecification","valueRequired":true,"valueName":"search_term_string"}}],"inLanguage":"pt-PT"},{"@type":"Organization","@id":"https:\/\/ballontop.com\/pt-pt\/#organization","name":"Ball on Top","url":"https:\/\/ballontop.com\/pt-pt\/","logo":{"@type":"ImageObject","inLanguage":"pt-PT","@id":"https:\/\/ballontop.com\/pt-pt\/#\/schema\/logo\/image\/","url":"https:\/\/ballontop.com\/wp-content\/uploads\/2025\/10\/cropped-BOT_logo_bw.png","contentUrl":"https:\/\/ballontop.com\/wp-content\/uploads\/2025\/10\/cropped-BOT_logo_bw.png","width":1665,"height":517,"caption":"Ball on Top"},"image":{"@id":"https:\/\/ballontop.com\/pt-pt\/#\/schema\/logo\/image\/"}}]}},"_links":{"self":[{"href":"https:\/\/ballontop.com\/pt-pt\/wp-json\/wp\/v2\/product\/62","targetHints":{"allow":["GET"]}}],"collection":[{"href":"https:\/\/ballontop.com\/pt-pt\/wp-json\/wp\/v2\/product"}],"about":[{"href":"https:\/\/ballontop.com\/pt-pt\/wp-json\/wp\/v2\/types\/product"}],"wp:featuredmedia":[{"embeddable":true,"href":"https:\/\/ballontop.com\/pt-pt\/wp-json\/wp\/v2\/media\/1706"}],"wp:attachment":[{"href":"https:\/\/ballontop.com\/pt-pt\/wp-json\/wp\/v2\/media?parent=62"}],"wp:term":[{"taxonomy":"product_brand","embeddable":true,"href":"https:\/\/ballontop.com\/pt-pt\/wp-json\/wp\/v2\/product_brand?post=62"},{"taxonomy":"product_cat","embeddable":true,"href":"https:\/\/ballontop.com\/pt-pt\/wp-json\/wp\/v2\/product_cat?post=62"},{"taxonomy":"product_tag","embeddable":true,"href":"https:\/\/ballontop.com\/pt-pt\/wp-json\/wp\/v2\/product_tag?post=62"}],"curies":[{"name":"wp","href":"https:\/\/api.w.org\/{rel}","templated":true}]}}