{"id":212,"date":"2025-09-16T16:00:46","date_gmt":"2025-09-16T16:00:46","guid":{"rendered":"http:\/\/pq.ballontop.com\/?post_type=product&#038;p=212"},"modified":"2026-04-11T09:22:51","modified_gmt":"2026-04-11T09:22:51","slug":"fc-barcelona-pack-led-merchandising-oficial","status":"publish","type":"product","link":"https:\/\/ballontop.com\/pt-pt\/produto\/fc-barcelona-pack-led-merchandising-oficial\/","title":{"rendered":"FC Barcelona"},"content":{"rendered":"","protected":false},"excerpt":{"rendered":"<p><strong>S\u00f3 para cul\u00e9s.<\/strong><br \/>\nBall On Top \u00b7 Pack Completo<\/p>\n<p>Bon\u00e9 oficial do FC Barcelona + bola LED recarreg\u00e1vel + suporte premium<\/p>\n","protected":false},"featured_media":1831,"template":"","meta":{"_acf_changed":false},"product_brand":[1038],"product_cat":[1044],"product_tag":[],"class_list":{"0":"post-212","1":"product","2":"type-product","3":"status-publish","4":"has-post-thumbnail","6":"product_brand-fc-barcelona-bot-pt","7":"product_cat-conjunto-completo","9":"first","10":"instock","11":"sale","12":"taxable","13":"shipping-taxable","14":"purchasable","15":"product-type-simple"},"acf":[],"yoast_head":"<!-- This site is optimized with the Yoast SEO plugin v27.3 - https:\/\/yoast.com\/product\/yoast-seo-wordpress\/ -->\n<title>FC Barcelona - Ball on Top<\/title>\n<meta name=\"description\" content=\"A derradeira experi\u00eancia de merchandising oficial do FC Barcelona chegou! Ilumina cada dia de jogo com o pack completo Ball On Top: bon\u00e9 premium, bola recarreg\u00e1vel e pega.\" \/>\n<meta name=\"robots\" content=\"index, follow, max-snippet:-1, max-image-preview:large, max-video-preview:-1\" \/>\n<link rel=\"canonical\" href=\"https:\/\/ballontop.com\/pt-pt\/produto\/fc-barcelona-pack-led-merchandising-oficial\/\" \/>\n<meta property=\"og:locale\" content=\"pt_PT\" \/>\n<meta property=\"og:type\" content=\"article\" \/>\n<meta property=\"og:title\" content=\"FC Barcelona - Ball on Top\" \/>\n<meta property=\"og:description\" content=\"A derradeira experi\u00eancia de merchandising oficial do FC Barcelona chegou! Ilumina cada dia de jogo com o pack completo Ball On Top: bon\u00e9 premium, bola recarreg\u00e1vel e pega.\" \/>\n<meta property=\"og:url\" content=\"https:\/\/ballontop.com\/pt-pt\/produto\/fc-barcelona-pack-led-merchandising-oficial\/\" \/>\n<meta property=\"og:site_name\" content=\"Ball on Top\" \/>\n<meta property=\"article:modified_time\" content=\"2026-04-11T09:22:51+00:00\" \/>\n<meta property=\"og:image\" content=\"https:\/\/ballontop.com\/wp-content\/uploads\/2025\/09\/BARCA_front_05low-1.jpg\" \/>\n\t<meta property=\"og:image:width\" content=\"1250\" \/>\n\t<meta property=\"og:image:height\" content=\"1875\" \/>\n\t<meta property=\"og:image:type\" content=\"image\/jpeg\" \/>\n<meta name=\"twitter:card\" content=\"summary_large_image\" \/>\n<meta name=\"twitter:label1\" content=\"Tempo estimado de leitura\" \/>\n\t<meta name=\"twitter:data1\" content=\"1 minuto\" \/>\n<script type=\"application\/ld+json\" class=\"yoast-schema-graph\">{\"@context\":\"https:\\\/\\\/schema.org\",\"@graph\":[{\"@type\":\"WebPage\",\"@id\":\"https:\\\/\\\/ballontop.com\\\/pt-pt\\\/produto\\\/fc-barcelona-pack-led-merchandising-oficial\\\/\",\"url\":\"https:\\\/\\\/ballontop.com\\\/pt-pt\\\/produto\\\/fc-barcelona-pack-led-merchandising-oficial\\\/\",\"name\":\"FC Barcelona - Ball on Top\",\"isPartOf\":{\"@id\":\"https:\\\/\\\/ballontop.com\\\/pt-pt\\\/#website\"},\"primaryImageOfPage\":{\"@id\":\"https:\\\/\\\/ballontop.com\\\/pt-pt\\\/produto\\\/fc-barcelona-pack-led-merchandising-oficial\\\/#primaryimage\"},\"image\":{\"@id\":\"https:\\\/\\\/ballontop.com\\\/pt-pt\\\/produto\\\/fc-barcelona-pack-led-merchandising-oficial\\\/#primaryimage\"},\"thumbnailUrl\":\"https:\\\/\\\/ballontop.com\\\/wp-content\\\/uploads\\\/2025\\\/09\\\/BARCA_front_05low-1.jpg\",\"datePublished\":\"2025-09-16T16:00:46+00:00\",\"dateModified\":\"2026-04-11T09:22:51+00:00\",\"description\":\"A derradeira experi\u00eancia de merchandising oficial do FC Barcelona chegou! Ilumina cada dia de jogo com o pack completo Ball On Top: bon\u00e9 premium, bola recarreg\u00e1vel e pega.\",\"breadcrumb\":{\"@id\":\"https:\\\/\\\/ballontop.com\\\/pt-pt\\\/produto\\\/fc-barcelona-pack-led-merchandising-oficial\\\/#breadcrumb\"},\"inLanguage\":\"pt-PT\",\"potentialAction\":[{\"@type\":\"ReadAction\",\"target\":[\"https:\\\/\\\/ballontop.com\\\/pt-pt\\\/produto\\\/fc-barcelona-pack-led-merchandising-oficial\\\/\"]}]},{\"@type\":\"ImageObject\",\"inLanguage\":\"pt-PT\",\"@id\":\"https:\\\/\\\/ballontop.com\\\/pt-pt\\\/produto\\\/fc-barcelona-pack-led-merchandising-oficial\\\/#primaryimage\",\"url\":\"https:\\\/\\\/ballontop.com\\\/wp-content\\\/uploads\\\/2025\\\/09\\\/BARCA_front_05low-1.jpg\",\"contentUrl\":\"https:\\\/\\\/ballontop.com\\\/wp-content\\\/uploads\\\/2025\\\/09\\\/BARCA_front_05low-1.jpg\",\"width\":1250,\"height\":1875},{\"@type\":\"BreadcrumbList\",\"@id\":\"https:\\\/\\\/ballontop.com\\\/pt-pt\\\/produto\\\/fc-barcelona-pack-led-merchandising-oficial\\\/#breadcrumb\",\"itemListElement\":[{\"@type\":\"ListItem\",\"position\":1,\"name\":\"Home\",\"item\":\"https:\\\/\\\/ballontop.com\\\/pt-pt\\\/\"},{\"@type\":\"ListItem\",\"position\":2,\"name\":\"Loja\",\"item\":\"https:\\\/\\\/ballontop.com\\\/pt-pt\\\/loja\\\/\"},{\"@type\":\"ListItem\",\"position\":3,\"name\":\"FC Barcelona\"}]},{\"@type\":\"WebSite\",\"@id\":\"https:\\\/\\\/ballontop.com\\\/pt-pt\\\/#website\",\"url\":\"https:\\\/\\\/ballontop.com\\\/pt-pt\\\/\",\"name\":\"Ball on Top\",\"description\":\"Official and collectible accessories for fans of all leagues.\",\"publisher\":{\"@id\":\"https:\\\/\\\/ballontop.com\\\/pt-pt\\\/#organization\"},\"potentialAction\":[{\"@type\":\"SearchAction\",\"target\":{\"@type\":\"EntryPoint\",\"urlTemplate\":\"https:\\\/\\\/ballontop.com\\\/pt-pt\\\/?s={search_term_string}\"},\"query-input\":{\"@type\":\"PropertyValueSpecification\",\"valueRequired\":true,\"valueName\":\"search_term_string\"}}],\"inLanguage\":\"pt-PT\"},{\"@type\":\"Organization\",\"@id\":\"https:\\\/\\\/ballontop.com\\\/pt-pt\\\/#organization\",\"name\":\"Ball on Top\",\"url\":\"https:\\\/\\\/ballontop.com\\\/pt-pt\\\/\",\"logo\":{\"@type\":\"ImageObject\",\"inLanguage\":\"pt-PT\",\"@id\":\"https:\\\/\\\/ballontop.com\\\/pt-pt\\\/#\\\/schema\\\/logo\\\/image\\\/\",\"url\":\"https:\\\/\\\/ballontop.com\\\/wp-content\\\/uploads\\\/2025\\\/10\\\/cropped-BOT_logo_bw.png\",\"contentUrl\":\"https:\\\/\\\/ballontop.com\\\/wp-content\\\/uploads\\\/2025\\\/10\\\/cropped-BOT_logo_bw.png\",\"width\":1665,\"height\":517,\"caption\":\"Ball on Top\"},\"image\":{\"@id\":\"https:\\\/\\\/ballontop.com\\\/pt-pt\\\/#\\\/schema\\\/logo\\\/image\\\/\"}}]}<\/script>\n<!-- \/ Yoast SEO plugin. -->","yoast_head_json":{"title":"FC Barcelona - Ball on Top","description":"A derradeira experi\u00eancia de merchandising oficial do FC Barcelona chegou! Ilumina cada dia de jogo com o pack completo Ball On Top: bon\u00e9 premium, bola recarreg\u00e1vel e pega.","robots":{"index":"index","follow":"follow","max-snippet":"max-snippet:-1","max-image-preview":"max-image-preview:large","max-video-preview":"max-video-preview:-1"},"canonical":"https:\/\/ballontop.com\/pt-pt\/produto\/fc-barcelona-pack-led-merchandising-oficial\/","og_locale":"pt_PT","og_type":"article","og_title":"FC Barcelona - Ball on Top","og_description":"A derradeira experi\u00eancia de merchandising oficial do FC Barcelona chegou! Ilumina cada dia de jogo com o pack completo Ball On Top: bon\u00e9 premium, bola recarreg\u00e1vel e pega.","og_url":"https:\/\/ballontop.com\/pt-pt\/produto\/fc-barcelona-pack-led-merchandising-oficial\/","og_site_name":"Ball on Top","article_modified_time":"2026-04-11T09:22:51+00:00","og_image":[{"width":1250,"height":1875,"url":"https:\/\/ballontop.com\/wp-content\/uploads\/2025\/09\/BARCA_front_05low-1.jpg","type":"image\/jpeg"}],"twitter_card":"summary_large_image","twitter_misc":{"Tempo estimado de leitura":"1 minuto"},"schema":{"@context":"https:\/\/schema.org","@graph":[{"@type":"WebPage","@id":"https:\/\/ballontop.com\/pt-pt\/produto\/fc-barcelona-pack-led-merchandising-oficial\/","url":"https:\/\/ballontop.com\/pt-pt\/produto\/fc-barcelona-pack-led-merchandising-oficial\/","name":"FC Barcelona - Ball on Top","isPartOf":{"@id":"https:\/\/ballontop.com\/pt-pt\/#website"},"primaryImageOfPage":{"@id":"https:\/\/ballontop.com\/pt-pt\/produto\/fc-barcelona-pack-led-merchandising-oficial\/#primaryimage"},"image":{"@id":"https:\/\/ballontop.com\/pt-pt\/produto\/fc-barcelona-pack-led-merchandising-oficial\/#primaryimage"},"thumbnailUrl":"https:\/\/ballontop.com\/wp-content\/uploads\/2025\/09\/BARCA_front_05low-1.jpg","datePublished":"2025-09-16T16:00:46+00:00","dateModified":"2026-04-11T09:22:51+00:00","description":"A derradeira experi\u00eancia de merchandising oficial do FC Barcelona chegou! Ilumina cada dia de jogo com o pack completo Ball On Top: bon\u00e9 premium, bola recarreg\u00e1vel e pega.","breadcrumb":{"@id":"https:\/\/ballontop.com\/pt-pt\/produto\/fc-barcelona-pack-led-merchandising-oficial\/#breadcrumb"},"inLanguage":"pt-PT","potentialAction":[{"@type":"ReadAction","target":["https:\/\/ballontop.com\/pt-pt\/produto\/fc-barcelona-pack-led-merchandising-oficial\/"]}]},{"@type":"ImageObject","inLanguage":"pt-PT","@id":"https:\/\/ballontop.com\/pt-pt\/produto\/fc-barcelona-pack-led-merchandising-oficial\/#primaryimage","url":"https:\/\/ballontop.com\/wp-content\/uploads\/2025\/09\/BARCA_front_05low-1.jpg","contentUrl":"https:\/\/ballontop.com\/wp-content\/uploads\/2025\/09\/BARCA_front_05low-1.jpg","width":1250,"height":1875},{"@type":"BreadcrumbList","@id":"https:\/\/ballontop.com\/pt-pt\/produto\/fc-barcelona-pack-led-merchandising-oficial\/#breadcrumb","itemListElement":[{"@type":"ListItem","position":1,"name":"Home","item":"https:\/\/ballontop.com\/pt-pt\/"},{"@type":"ListItem","position":2,"name":"Loja","item":"https:\/\/ballontop.com\/pt-pt\/loja\/"},{"@type":"ListItem","position":3,"name":"FC Barcelona"}]},{"@type":"WebSite","@id":"https:\/\/ballontop.com\/pt-pt\/#website","url":"https:\/\/ballontop.com\/pt-pt\/","name":"Ball on Top","description":"Official and collectible accessories for fans of all leagues.","publisher":{"@id":"https:\/\/ballontop.com\/pt-pt\/#organization"},"potentialAction":[{"@type":"SearchAction","target":{"@type":"EntryPoint","urlTemplate":"https:\/\/ballontop.com\/pt-pt\/?s={search_term_string}"},"query-input":{"@type":"PropertyValueSpecification","valueRequired":true,"valueName":"search_term_string"}}],"inLanguage":"pt-PT"},{"@type":"Organization","@id":"https:\/\/ballontop.com\/pt-pt\/#organization","name":"Ball on Top","url":"https:\/\/ballontop.com\/pt-pt\/","logo":{"@type":"ImageObject","inLanguage":"pt-PT","@id":"https:\/\/ballontop.com\/pt-pt\/#\/schema\/logo\/image\/","url":"https:\/\/ballontop.com\/wp-content\/uploads\/2025\/10\/cropped-BOT_logo_bw.png","contentUrl":"https:\/\/ballontop.com\/wp-content\/uploads\/2025\/10\/cropped-BOT_logo_bw.png","width":1665,"height":517,"caption":"Ball on Top"},"image":{"@id":"https:\/\/ballontop.com\/pt-pt\/#\/schema\/logo\/image\/"}}]}},"_links":{"self":[{"href":"https:\/\/ballontop.com\/pt-pt\/wp-json\/wp\/v2\/product\/212","targetHints":{"allow":["GET"]}}],"collection":[{"href":"https:\/\/ballontop.com\/pt-pt\/wp-json\/wp\/v2\/product"}],"about":[{"href":"https:\/\/ballontop.com\/pt-pt\/wp-json\/wp\/v2\/types\/product"}],"wp:featuredmedia":[{"embeddable":true,"href":"https:\/\/ballontop.com\/pt-pt\/wp-json\/wp\/v2\/media\/1831"}],"wp:attachment":[{"href":"https:\/\/ballontop.com\/pt-pt\/wp-json\/wp\/v2\/media?parent=212"}],"wp:term":[{"taxonomy":"product_brand","embeddable":true,"href":"https:\/\/ballontop.com\/pt-pt\/wp-json\/wp\/v2\/product_brand?post=212"},{"taxonomy":"product_cat","embeddable":true,"href":"https:\/\/ballontop.com\/pt-pt\/wp-json\/wp\/v2\/product_cat?post=212"},{"taxonomy":"product_tag","embeddable":true,"href":"https:\/\/ballontop.com\/pt-pt\/wp-json\/wp\/v2\/product_tag?post=212"}],"curies":[{"name":"wp","href":"https:\/\/api.w.org\/{rel}","templated":true}]}}