{"id":427,"date":"2025-09-08T15:00:12","date_gmt":"2025-09-08T15:00:12","guid":{"rendered":"http:\/\/pq.ballontop.com\/?page_id=427"},"modified":"2026-04-11T15:56:21","modified_gmt":"2026-04-11T15:56:21","slug":"contacto","status":"publish","type":"page","link":"https:\/\/ballontop.com\/es\/contacto\/","title":{"rendered":"Contacto"},"content":{"rendered":"<h1>Bienvenido al centro de contacto<\/h1>\n<hr>\n<div>Aqu\u00ed es donde los aficionados, los socios y los distribuidores se ponen en contacto con nuestro equipo. Tanto si necesitas ayuda como si deseas conocer las oportunidades de venta al por mayor, estamos aqu\u00ed para asegurarnos de que todo vaya sobre ruedas, tanto en los d\u00edas de partido como el resto del a\u00f1o.<\/div>\n<ul>\n<li>\n<p>        <img decoding=\"async\" src=\"\/wp-content\/uploads\/2025\/12\/Fan_Support_Official_football_merch.png\" alt=\"Alien wearing an SL Benfica LED cap surrounded and hugged by fans\"><\/p>\n<h3>Soporte al Aficionado<\/h3>\n<div>Obt\u00e9n la ayuda que necesitas, justo cuando la necesitas. Empieza por consultar nuestras preguntas frecuentes para obtener respuestas r\u00e1pidas, o ponte en contacto con nosotros directamente para recibir asistencia personalizada.<\/div>\n<p><a href=\"https:\/\/ballontop.com\/es\/preguntas-frecuentes\/\">Ir a Preguntas Frecuentes<\/a><\/p>\n<\/li>\n<li>\n<p>        <img decoding=\"async\" src=\"\/wp-content\/uploads\/2026\/04\/Group_07-scaled.jpg\" alt=\"Alien wearing official FC Barcelona Ball On Top merchandise\"><\/p>\n<h3>Consultas sobre venta al por mayor<\/h3>\n<div>Incorpora \u00abBall On Top\u00bb a tu tienda f\u00edsica o en l\u00ednea. Ponte en contacto con nuestro equipo de ventas al por mayor para hablar sobre precios, pedidos al por mayor y opciones personalizadas. Trabajemos juntos.<\/div>\n<p><a href=\"https:\/\/ballontop.com\/es\/distribuidores\/\">Visita el apartado Distribuidores<\/a><\/p>\n<\/li>\n<\/ul>\n<h1>\u00bfA\u00fan tienes dudas?<\/h1>\n<hr>\n<div>D\u00e9janos un mensaje a continuaci\u00f3n y nos pondremos en contacto contigo en breve.<\/div>\n<div>\n<div>\n<div class=\"wpcf7 no-js\" id=\"wpcf7-f410-o1\" lang=\"es-ES\" dir=\"ltr\" data-wpcf7-id=\"410\">\n<div class=\"screen-reader-response\"><p role=\"status\" aria-live=\"polite\" aria-atomic=\"true\"><\/p> <ul><\/ul><\/div>\n<form action=\"\/es\/wp-json\/wp\/v2\/pages\/427#wpcf7-f410-o1\" method=\"post\" class=\"wpcf7-form init\" aria-label=\"Formulario de contacto\" novalidate=\"novalidate\" data-status=\"init\">\n<fieldset class=\"hidden-fields-container\"><input type=\"hidden\" name=\"_wpcf7\" value=\"410\" \/><input type=\"hidden\" name=\"_wpcf7_version\" value=\"6.1.5\" \/><input type=\"hidden\" name=\"_wpcf7_locale\" value=\"es_ES\" \/><input type=\"hidden\" name=\"_wpcf7_unit_tag\" value=\"wpcf7-f410-o1\" \/><input type=\"hidden\" name=\"_wpcf7_container_post\" value=\"0\" \/><input type=\"hidden\" name=\"_wpcf7_posted_data_hash\" value=\"\" \/>\n<\/fieldset>\n<p class=\"honeypot\"><!-- Honeypot del plugin --><br \/>\n<span id=\"wpcf7-69dadf04896ca-wrapper\" class=\"wpcf7-form-control-wrap contact-hp-wrap\" style=\"display:none !important; visibility:hidden !important;\"><label for=\"wpcf7-69dadf04896ca-field\" class=\"hp-message\">Por favor, deja este campo vac\u00edo.<\/label><input id=\"wpcf7-69dadf04896ca-field\"  class=\"wpcf7-form-control wpcf7-text\" type=\"text\" name=\"contact-hp\" value=\"\" size=\"40\" tabindex=\"-1\" autocomplete=\"new-password\" \/><\/span>\n<\/p>\n\n <!-- Name -->\n<div class=\"uk-grid-match uk-grid-row-small uk-child-width-1-2@s\" uk-grid>\n\t<div>\n\t\t<p><label for=\"your-name\" class=\"form-label\">Tu nombre<\/label><br \/>\n<span class=\"wpcf7-form-control-wrap\" data-name=\"your-name\"><input size=\"40\" maxlength=\"400\" class=\"wpcf7-form-control wpcf7-text wpcf7-validates-as-required uk-input\" id=\"your-name\" autocomplete=\"name\" aria-required=\"true\" aria-invalid=\"false\" placeholder=\"Ingresa tu nombre\" value=\"\" type=\"text\" name=\"your-name\" \/><\/span>\n\t\t<\/p>\n\t<\/div>\n\n <!-- Email -->\n\t<div>\n\t\t<p><label for=\"your-email\" class=\"form-label\">Tu email<\/label><br \/>\n<span class=\"wpcf7-form-control-wrap\" data-name=\"your-email\"><input size=\"40\" maxlength=\"400\" class=\"wpcf7-form-control wpcf7-email wpcf7-validates-as-required wpcf7-text wpcf7-validates-as-email uk-input\" id=\"your-email\" autocomplete=\"email\" aria-required=\"true\" aria-invalid=\"false\" placeholder=\"Ingresa tu correo electr\u00f3nico\" value=\"\" type=\"email\" name=\"your-email\" \/><\/span>\n\t\t<\/p>\n\t<\/div>\n\n <!-- Company -->\n\t<div>\n\t\t<p><label for=\"your-company\" class=\"form-label\">Empresa<\/label><br \/>\n<span class=\"wpcf7-form-control-wrap\" data-name=\"your-company\"><input size=\"40\" maxlength=\"400\" class=\"wpcf7-form-control wpcf7-text uk-input\" id=\"your-company\" aria-invalid=\"false\" placeholder=\"Ingresa el nombre de tu empresa\" value=\"\" type=\"text\" name=\"your-company\" \/><\/span>\n\t\t<\/p>\n\t<\/div>\n\n <!-- Phone -->\n\t<div>\n\t\t<p><label for=\"your-phone\" class=\"form-label\">Tel\u00e9fono<\/label><br \/>\n<span class=\"wpcf7-form-control-wrap\" data-name=\"your-phone\"><input size=\"40\" maxlength=\"400\" class=\"wpcf7-form-control wpcf7-tel wpcf7-text wpcf7-validates-as-tel uk-input\" id=\"your-phone\" aria-invalid=\"false\" placeholder=\"+34 123 456 789\" value=\"\" type=\"tel\" name=\"your-phone\" \/><\/span>\n\t\t<\/p>\n\t<\/div>\n\n <!-- Country -->\n\t<div>\n\t\t<p><label for=\"your-country\" class=\"form-label\">Pa\u00eds<\/label><br \/>\n<span class=\"wpcf7-form-control-wrap\" data-name=\"your-country\"><input size=\"40\" maxlength=\"400\" class=\"wpcf7-form-control wpcf7-text wpcf7-validates-as-required uk-input\" id=\"your-country\" aria-required=\"true\" aria-invalid=\"false\" placeholder=\"Ingresa tu pa\u00eds\" value=\"\" type=\"text\" name=\"your-country\" \/><\/span>\n\t\t<\/p>\n\t<\/div>\n\n <!-- Subject selector -->\n\t<div>\n\t\t<p><label for=\"your-subject\" class=\"form-label\">Asunto<\/label><br \/>\n<span class=\"wpcf7-form-control-wrap\" data-name=\"your-subject\"><select class=\"wpcf7-form-control wpcf7-select wpcf7-validates-as-required uk-input\" id=\"your-subject\" aria-required=\"true\" aria-invalid=\"false\" name=\"your-subject\"><option value=\"Consulta general\">Consulta general<\/option><option value=\"Solicitud de ayuda\">Solicitud de ayuda<\/option><option value=\"Consulta sobre distribuci\u00f3n\">Consulta sobre distribuci\u00f3n<\/option><option value=\"Colaboraci\u00f3n \/ Asociaci\u00f3n\">Colaboraci\u00f3n \/ Asociaci\u00f3n<\/option><option value=\"Otro\">Otro<\/option><\/select><\/span>\n\t\t<\/p>\n\t<\/div>\n\n <!-- Message -->\n\t<div class=\"uk-width-1-1\">\n\t\t<p><label for=\"your-message\" class=\"form-label\">Tu mensaje (opcional)<\/label><br \/>\n<span class=\"wpcf7-form-control-wrap\" data-name=\"your-message\"><textarea cols=\"40\" rows=\"5\" maxlength=\"2000\" class=\"wpcf7-form-control wpcf7-textarea uk-textarea\" id=\"your-message\" aria-invalid=\"false\" placeholder=\"Escribe tu mensaje\" name=\"your-message\"><\/textarea><\/span>\n\t\t<\/p>\n\t<\/div>\n\n <!-- Submit button -->\n\t<div>\n\t\t<p><input class=\"wpcf7-form-control wpcf7-submit has-spinner uk-button uk-button-primary\" type=\"submit\" value=\"Enviar\" \/>\n\t\t<\/p>\n\t<\/div>\n<\/div><div class=\"wpcf7-response-output\" aria-hidden=\"true\"><\/div>\n<\/form>\n<\/div>\n<\/div>\n<\/div>\n<p><!--more--><br \/>\n<!-- {\"type\":\"layout\",\"children\":[{\"type\":\"section\",\"props\":{\"image_position\":\"center-center\",\"padding_bottom\":\"none\",\"style\":\"default\",\"title_breakpoint\":\"xl\",\"title_position\":\"top-left\",\"title_rotation\":\"left\",\"vertical_align\":\"middle\",\"width\":\"default\"},\"children\":[{\"type\":\"row\",\"props\":{\"layout\":\"2-3,1-3\"},\"children\":[{\"type\":\"column\",\"props\":{\"image_position\":\"center-center\",\"position_sticky_breakpoint\":\"m\",\"width_medium\":\"2-3\"},\"children\":[{\"type\":\"headline\",\"props\":{\"content\":\"Bienvenido al centro de contacto\",\"image_align\":\"left\",\"image_margin\":\"xsmall\",\"title_element\":\"h1\"}},{\"type\":\"divider\",\"props\":{\"divider_element\":\"hr\",\"divider_style\":\"small\"}},{\"type\":\"text\",\"props\":{\"column_breakpoint\":\"m\",\"content\":\"Aqu\u00ed es donde los aficionados, los socios y los distribuidores se ponen en contacto con nuestro equipo. Tanto si necesitas ayuda como si deseas conocer las oportunidades de venta al por mayor, estamos aqu\u00ed para asegurarnos de que todo vaya sobre ruedas, tanto en los d\u00edas de partido como el resto del a\u00f1o.\",\"margin_bottom\":\"default\",\"margin_top\":\"default\"}}]},{\"type\":\"column\",\"props\":{\"image_position\":\"center-center\",\"position_sticky_breakpoint\":\"m\",\"width_medium\":\"1-3\"}}]}]},{\"type\":\"section\",\"props\":{\"image_position\":\"center-center\",\"style\":\"default\",\"title_breakpoint\":\"xl\",\"title_position\":\"top-left\",\"title_rotation\":\"left\",\"vertical_align\":\"middle\",\"width\":\"default\"},\"children\":[{\"type\":\"row\",\"children\":[{\"type\":\"column\",\"props\":{\"image_position\":\"center-center\",\"position_sticky_breakpoint\":\"m\"},\"children\":[{\"type\":\"grid\",\"props\":{\"content_column_breakpoint\":\"m\",\"filter_align\":\"left\",\"filter_all\":true,\"filter_grid_breakpoint\":\"m\",\"filter_grid_width\":\"auto\",\"filter_position\":\"top\",\"filter_style\":\"tab\",\"grid_default\":\"1\",\"grid_medium\":\"2\",\"image_align\":\"top\",\"image_grid_breakpoint\":\"m\",\"image_grid_width\":\"1-2\",\"image_height\":540,\"image_link\":true,\"image_svg_color\":\"emphasis\",\"image_transition\":\"scale-up\",\"image_width\":720,\"item_animation\":true,\"lightbox_bg_close\":true,\"link_style\":\"primary\",\"link_text\":\"Read more\",\"margin_bottom\":\"default\",\"margin_top\":\"default\",\"meta_align\":\"below-title\",\"meta_element\":\"div\",\"meta_style\":\"text-meta\",\"show_content\":true,\"show_hover_image\":true,\"show_hover_video\":true,\"show_image\":true,\"show_link\":true,\"show_meta\":true,\"show_title\":true,\"show_video\":true,\"title_align\":\"top\",\"title_element\":\"h3\",\"title_grid_breakpoint\":\"m\",\"title_grid_width\":\"1-2\",\"title_hover_style\":\"reset\"},\"children\":[{\"type\":\"grid_item\",\"props\":{\"content\":\"Obt\u00e9n la ayuda que necesitas, justo cuando la necesitas. Empieza por consultar nuestras preguntas frecuentes para obtener respuestas r\u00e1pidas, o ponte en contacto con nosotros directamente para recibir asistencia personalizada.\",\"image\":\"wp-content\/uploads\/2025\/12\/Fan_Support_Official_football_merch.png\",\"image_alt\":\"Alien wearing an SL Benfica LED cap surrounded and hugged by fans\",\"link\":\"es\/preguntas-frecuentes\/\",\"link_text\":\"Ir a Preguntas Frecuentes\",\"title\":\"Soporte al Aficionado\"}},{\"type\":\"grid_item\",\"props\":{\"content\":\"Incorpora \u00abBall On Top\u00bb a tu tienda f\u00edsica o en l\u00ednea. Ponte en contacto con nuestro equipo de ventas al por mayor para hablar sobre precios, pedidos al por mayor y opciones personalizadas. Trabajemos juntos.\",\"image\":\"wp-content\/uploads\/2026\/04\/Group_07-scaled.jpg\",\"image_alt\":\"Alien wearing official FC Barcelona Ball On Top merchandise\",\"link\":\"distribuidores\",\"link_text\":\"Visita el apartado Distribuidores\",\"title\":\"Consultas sobre venta al por mayor\"}}]}]}]}]},{\"type\":\"section\",\"props\":{\"image_position\":\"center-center\",\"style\":\"default\",\"title_breakpoint\":\"xl\",\"title_position\":\"top-left\",\"title_rotation\":\"left\",\"vertical_align\":\"middle\",\"width\":\"default\"},\"children\":[{\"type\":\"row\",\"children\":[{\"type\":\"column\",\"props\":{\"image_position\":\"center-center\",\"position_sticky_breakpoint\":\"m\"},\"children\":[{\"type\":\"headline\",\"props\":{\"content\":\"\u00bfA\u00fan tienes dudas?\",\"image_align\":\"left\",\"image_margin\":\"xsmall\",\"text_align\":\"center\",\"title_element\":\"h1\"}},{\"type\":\"divider\",\"props\":{\"divider_align\":\"center\",\"divider_element\":\"hr\",\"divider_style\":\"small\"}},{\"type\":\"text\",\"props\":{\"column_breakpoint\":\"m\",\"content\":\"D\u00e9janos un mensaje a continuaci\u00f3n y nos pondremos en contacto contigo en breve.\",\"margin_bottom\":\"default\",\"margin_top\":\"default\",\"text_align\":\"center\"}}]}]},{\"type\":\"row\",\"props\":{\"layout\":\"1-5,3-5,1-5\"},\"children\":[{\"type\":\"column\",\"props\":{\"image_position\":\"center-center\",\"position_sticky_breakpoint\":\"m\",\"width_medium\":\"1-5\"}},{\"type\":\"column\",\"props\":{\"image_position\":\"center-center\",\"position_sticky_breakpoint\":\"m\",\"width_medium\":\"3-5\"},\"children\":[{\"type\":\"panel\",\"props\":{\"content\":\"[contact-form-7 id=\\\"dde4ae4\\\" title=\\\"Contact & Support ES\\\"]\",\"content_column_breakpoint\":\"m\",\"css\":\".el-element {\\n    padding-top:0;\\n}\\n.el-element .uk-button {\\n    background: #efd702;\\n    border: #efd702;\\n    min-width: 120px;\\n}\\n.el-element .uk-button:hover {\\n    background: #111;\\n    border: #111;\\n    color: #fff;\\n}\\n\",\"image_align\":\"top\",\"image_grid_breakpoint\":\"m\",\"image_grid_width\":\"1-2\",\"image_svg_color\":\"emphasis\",\"link_style\":\"default\",\"link_text\":\"Read more\",\"margin_bottom\":\"default\",\"margin_top\":\"default\",\"meta_align\":\"below-title\",\"meta_element\":\"div\",\"meta_style\":\"text-meta\",\"panel_padding\":\"default\",\"panel_style\":\"tile-muted\",\"title_align\":\"top\",\"title_element\":\"h3\",\"title_grid_breakpoint\":\"m\",\"title_grid_width\":\"1-2\",\"title_hover_style\":\"reset\"}}]},{\"type\":\"column\",\"props\":{\"image_position\":\"center-center\",\"position_sticky_breakpoint\":\"m\",\"width_medium\":\"1-5\"}}]}]}],\"version\":\"5.0.28\"} --><\/p>\n","protected":false},"excerpt":{"rendered":"<p>Bienvenido al centro de contacto Aqu\u00ed es donde los aficionados, los socios y los distribuidores se ponen en contacto con nuestro equipo. Tanto si necesitas ayuda como si deseas conocer las oportunidades de venta al por mayor, estamos aqu\u00ed para asegurarnos de que todo vaya sobre ruedas, tanto en los d\u00edas de partido como el [&hellip;]<\/p>\n","protected":false},"author":2,"featured_media":0,"parent":0,"menu_order":0,"comment_status":"closed","ping_status":"closed","template":"","meta":{"_acf_changed":false,"footnotes":""},"class_list":["post-427","page","type-page","status-publish","hentry"],"acf":[],"yoast_head":"<!-- This site is optimized with the Yoast SEO plugin v27.3 - https:\/\/yoast.com\/product\/yoast-seo-wordpress\/ -->\n<title>Contacto - Ball on Top<\/title>\n<meta name=\"robots\" content=\"index, follow, max-snippet:-1, max-image-preview:large, max-video-preview:-1\" \/>\n<link rel=\"canonical\" href=\"https:\/\/ballontop.com\/es\/contacto\/\" \/>\n<meta property=\"og:locale\" content=\"es_ES\" \/>\n<meta property=\"og:type\" content=\"article\" \/>\n<meta property=\"og:title\" content=\"Contacto - Ball on Top\" \/>\n<meta property=\"og:description\" content=\"Bienvenido al centro de contacto Aqu\u00ed es donde los aficionados, los socios y los distribuidores se ponen en contacto con nuestro equipo. Tanto si necesitas ayuda como si deseas conocer las oportunidades de venta al por mayor, estamos aqu\u00ed para asegurarnos de que todo vaya sobre ruedas, tanto en los d\u00edas de partido como el [&hellip;]\" \/>\n<meta property=\"og:url\" content=\"https:\/\/ballontop.com\/es\/contacto\/\" \/>\n<meta property=\"og:site_name\" content=\"Ball on Top\" \/>\n<meta property=\"article:modified_time\" content=\"2026-04-11T15:56:21+00:00\" \/>\n<meta name=\"twitter:card\" content=\"summary_large_image\" \/>\n<meta name=\"twitter:label1\" content=\"Tiempo de lectura\" \/>\n\t<meta name=\"twitter:data1\" content=\"1 minuto\" \/>\n<script type=\"application\/ld+json\" class=\"yoast-schema-graph\">{\"@context\":\"https:\\\/\\\/schema.org\",\"@graph\":[{\"@type\":\"WebPage\",\"@id\":\"https:\\\/\\\/ballontop.com\\\/es\\\/contacto\\\/\",\"url\":\"https:\\\/\\\/ballontop.com\\\/es\\\/contacto\\\/\",\"name\":\"Contacto - Ball on Top\",\"isPartOf\":{\"@id\":\"https:\\\/\\\/ballontop.com\\\/es\\\/#website\"},\"datePublished\":\"2025-09-08T15:00:12+00:00\",\"dateModified\":\"2026-04-11T15:56:21+00:00\",\"breadcrumb\":{\"@id\":\"https:\\\/\\\/ballontop.com\\\/es\\\/contacto\\\/#breadcrumb\"},\"inLanguage\":\"es\",\"potentialAction\":[{\"@type\":\"ReadAction\",\"target\":[\"https:\\\/\\\/ballontop.com\\\/es\\\/contacto\\\/\"]}]},{\"@type\":\"BreadcrumbList\",\"@id\":\"https:\\\/\\\/ballontop.com\\\/es\\\/contacto\\\/#breadcrumb\",\"itemListElement\":[{\"@type\":\"ListItem\",\"position\":1,\"name\":\"Home\",\"item\":\"https:\\\/\\\/ballontop.com\\\/es\\\/\"},{\"@type\":\"ListItem\",\"position\":2,\"name\":\"Contacto\"}]},{\"@type\":\"WebSite\",\"@id\":\"https:\\\/\\\/ballontop.com\\\/es\\\/#website\",\"url\":\"https:\\\/\\\/ballontop.com\\\/es\\\/\",\"name\":\"Ball on Top\",\"description\":\"Official and collectible accessories for fans of all leagues.\",\"publisher\":{\"@id\":\"https:\\\/\\\/ballontop.com\\\/es\\\/#organization\"},\"potentialAction\":[{\"@type\":\"SearchAction\",\"target\":{\"@type\":\"EntryPoint\",\"urlTemplate\":\"https:\\\/\\\/ballontop.com\\\/es\\\/?s={search_term_string}\"},\"query-input\":{\"@type\":\"PropertyValueSpecification\",\"valueRequired\":true,\"valueName\":\"search_term_string\"}}],\"inLanguage\":\"es\"},{\"@type\":\"Organization\",\"@id\":\"https:\\\/\\\/ballontop.com\\\/es\\\/#organization\",\"name\":\"Ball on Top\",\"url\":\"https:\\\/\\\/ballontop.com\\\/es\\\/\",\"logo\":{\"@type\":\"ImageObject\",\"inLanguage\":\"es\",\"@id\":\"https:\\\/\\\/ballontop.com\\\/es\\\/#\\\/schema\\\/logo\\\/image\\\/\",\"url\":\"https:\\\/\\\/ballontop.com\\\/wp-content\\\/uploads\\\/2025\\\/10\\\/cropped-BOT_logo_bw.png\",\"contentUrl\":\"https:\\\/\\\/ballontop.com\\\/wp-content\\\/uploads\\\/2025\\\/10\\\/cropped-BOT_logo_bw.png\",\"width\":1665,\"height\":517,\"caption\":\"Ball on Top\"},\"image\":{\"@id\":\"https:\\\/\\\/ballontop.com\\\/es\\\/#\\\/schema\\\/logo\\\/image\\\/\"}}]}<\/script>\n<!-- \/ Yoast SEO plugin. -->","yoast_head_json":{"title":"Contacto - Ball on Top","robots":{"index":"index","follow":"follow","max-snippet":"max-snippet:-1","max-image-preview":"max-image-preview:large","max-video-preview":"max-video-preview:-1"},"canonical":"https:\/\/ballontop.com\/es\/contacto\/","og_locale":"es_ES","og_type":"article","og_title":"Contacto - Ball on Top","og_description":"Bienvenido al centro de contacto Aqu\u00ed es donde los aficionados, los socios y los distribuidores se ponen en contacto con nuestro equipo. Tanto si necesitas ayuda como si deseas conocer las oportunidades de venta al por mayor, estamos aqu\u00ed para asegurarnos de que todo vaya sobre ruedas, tanto en los d\u00edas de partido como el [&hellip;]","og_url":"https:\/\/ballontop.com\/es\/contacto\/","og_site_name":"Ball on Top","article_modified_time":"2026-04-11T15:56:21+00:00","twitter_card":"summary_large_image","twitter_misc":{"Tiempo de lectura":"1 minuto"},"schema":{"@context":"https:\/\/schema.org","@graph":[{"@type":"WebPage","@id":"https:\/\/ballontop.com\/es\/contacto\/","url":"https:\/\/ballontop.com\/es\/contacto\/","name":"Contacto - Ball on Top","isPartOf":{"@id":"https:\/\/ballontop.com\/es\/#website"},"datePublished":"2025-09-08T15:00:12+00:00","dateModified":"2026-04-11T15:56:21+00:00","breadcrumb":{"@id":"https:\/\/ballontop.com\/es\/contacto\/#breadcrumb"},"inLanguage":"es","potentialAction":[{"@type":"ReadAction","target":["https:\/\/ballontop.com\/es\/contacto\/"]}]},{"@type":"BreadcrumbList","@id":"https:\/\/ballontop.com\/es\/contacto\/#breadcrumb","itemListElement":[{"@type":"ListItem","position":1,"name":"Home","item":"https:\/\/ballontop.com\/es\/"},{"@type":"ListItem","position":2,"name":"Contacto"}]},{"@type":"WebSite","@id":"https:\/\/ballontop.com\/es\/#website","url":"https:\/\/ballontop.com\/es\/","name":"Ball on Top","description":"Official and collectible accessories for fans of all leagues.","publisher":{"@id":"https:\/\/ballontop.com\/es\/#organization"},"potentialAction":[{"@type":"SearchAction","target":{"@type":"EntryPoint","urlTemplate":"https:\/\/ballontop.com\/es\/?s={search_term_string}"},"query-input":{"@type":"PropertyValueSpecification","valueRequired":true,"valueName":"search_term_string"}}],"inLanguage":"es"},{"@type":"Organization","@id":"https:\/\/ballontop.com\/es\/#organization","name":"Ball on Top","url":"https:\/\/ballontop.com\/es\/","logo":{"@type":"ImageObject","inLanguage":"es","@id":"https:\/\/ballontop.com\/es\/#\/schema\/logo\/image\/","url":"https:\/\/ballontop.com\/wp-content\/uploads\/2025\/10\/cropped-BOT_logo_bw.png","contentUrl":"https:\/\/ballontop.com\/wp-content\/uploads\/2025\/10\/cropped-BOT_logo_bw.png","width":1665,"height":517,"caption":"Ball on Top"},"image":{"@id":"https:\/\/ballontop.com\/es\/#\/schema\/logo\/image\/"}}]}},"_links":{"self":[{"href":"https:\/\/ballontop.com\/es\/wp-json\/wp\/v2\/pages\/427","targetHints":{"allow":["GET"]}}],"collection":[{"href":"https:\/\/ballontop.com\/es\/wp-json\/wp\/v2\/pages"}],"about":[{"href":"https:\/\/ballontop.com\/es\/wp-json\/wp\/v2\/types\/page"}],"author":[{"embeddable":true,"href":"https:\/\/ballontop.com\/es\/wp-json\/wp\/v2\/users\/2"}],"replies":[{"embeddable":true,"href":"https:\/\/ballontop.com\/es\/wp-json\/wp\/v2\/comments?post=427"}],"version-history":[{"count":9,"href":"https:\/\/ballontop.com\/es\/wp-json\/wp\/v2\/pages\/427\/revisions"}],"predecessor-version":[{"id":2618,"href":"https:\/\/ballontop.com\/es\/wp-json\/wp\/v2\/pages\/427\/revisions\/2618"}],"wp:attachment":[{"href":"https:\/\/ballontop.com\/es\/wp-json\/wp\/v2\/media?parent=427"}],"curies":[{"name":"wp","href":"https:\/\/api.w.org\/{rel}","templated":true}]}}