{"id":1499,"date":"2026-01-21T19:52:34","date_gmt":"2026-01-21T19:52:34","guid":{"rendered":"https:\/\/ballontop.com\/v2\/?page_id=1499"},"modified":"2026-04-11T16:10:03","modified_gmt":"2026-04-11T16:10:03","slug":"sobre-nosaltres","status":"publish","type":"page","link":"https:\/\/ballontop.com\/ca\/sobre-nosaltres\/","title":{"rendered":"Sobre nosaltres"},"content":{"rendered":"<h1>Sobre Ball on Top<\/h1>\n<hr>\n<div>\n<p>A Ball On Top, creiem que animar \u00e9s m\u00e9s que veure un partit. \u00c9s energia, emoci\u00f3 i formar part d&#8217;alguna cosa m\u00e9s gran.<\/p>\n<p>Ball On Top \u00e9s una empresa centrada en el producte, dedicada a crear accessoris innovadors per a aficionats que converteixen els moments en experi\u00e8ncies. La nostra missi\u00f3 \u00e9s senzilla: ajudar la gent a celebrar amb m\u00e9s soroll, a destacar i a sentir-se connectada, tant si s\u00f3n a l&#8217;estadi, en un esdeveniment o al carrer.<\/p>\n<\/div>\n<ul>\n<li>\n<p>        <img decoding=\"async\" src=\"\/wp-content\/uploads\/2026\/04\/how-it-works-video-poster.png\" alt=\"Alien wearing an SL Benfica LED cap surrounded and hugged by fans\"><\/p>\n<h3>La idea<\/h3>\n<div>\n<p>B.O.T va n\u00e9ixer de la idea que els aficionats no nom\u00e9s miren, sin\u00f3 que hi participen. Vam voler crear un producte wearable que aporti moviment, llum i diversi\u00f3 a cada celebraci\u00f3.<\/p>\n<\/div>\n<\/li>\n<li>\n<p>        <img decoding=\"async\" src=\"\/wp-content\/uploads\/2026\/04\/Group_09-scaled.jpg\" alt=\"Alien wearing official FC Barcelona Ball On Top merchandise\"><\/p>\n<h3>Els nostres productes<\/h3>\n<div>\n<p>Els nostres productes es desenvolupen internament i estan protegits per una patent d&#8217;utilitat registrada, la qual cosa reflecteix el nostre comprom\u00eds amb l&#8217;originalitat, la qualitat i la innovaci\u00f3.<\/p>\n<\/div>\n<\/li>\n<\/ul>\n<h4>Des d&#8217;aficionats a l&#8217;esport i seguidors incondicionals fins a marques, esdeveniments i festes, Ball On Top est\u00e0 dissenyat per a tothom qui vulgui afegir emoci\u00f3 i il\u00b7lusi\u00f3 a la multitud. All\u00e0 on la gent celebra en grup, hi ha un moment Ball On Top a punt de succeir.<\/h4>\n<h1>Voleu posar-vos en contacte?<\/h1>\n<hr>\n<div>Envieu-nos un missatge a continuaci\u00f3 i ens posarem en contacte amb vost\u00e8 aviat.<\/div>\n<div>\n<div>\n<div class=\"wpcf7 no-js\" id=\"wpcf7-f412-o1\" lang=\"ca\" dir=\"ltr\" data-wpcf7-id=\"412\">\n<div class=\"screen-reader-response\"><p role=\"status\" aria-live=\"polite\" aria-atomic=\"true\"><\/p> <ul><\/ul><\/div>\n<form action=\"\/ca\/wp-json\/wp\/v2\/pages\/1499#wpcf7-f412-o1\" method=\"post\" class=\"wpcf7-form init uk-form\" aria-label=\"Formulari de contacte\" novalidate=\"novalidate\" data-status=\"init\">\n<fieldset class=\"hidden-fields-container\"><input type=\"hidden\" name=\"_wpcf7\" value=\"412\" \/><input type=\"hidden\" name=\"_wpcf7_version\" value=\"6.1.5\" \/><input type=\"hidden\" name=\"_wpcf7_locale\" value=\"ca\" \/><input type=\"hidden\" name=\"_wpcf7_unit_tag\" value=\"wpcf7-f412-o1\" \/><input type=\"hidden\" name=\"_wpcf7_container_post\" value=\"0\" \/><input type=\"hidden\" name=\"_wpcf7_posted_data_hash\" value=\"\" \/>\n<\/fieldset>\n<!-- Honeypot (anti-spam) -->\n<p><span id=\"wpcf7-69dadef0c1832-wrapper\" class=\"wpcf7-form-control-wrap contact-hp-wrap\" style=\"display:none !important; visibility:hidden !important;\"><label for=\"wpcf7-69dadef0c1832-field\" class=\"hp-message\">Deixeu aquest camp buit.<\/label><input id=\"wpcf7-69dadef0c1832-field\"  class=\"wpcf7-form-control wpcf7-text\" type=\"text\" name=\"contact-hp\" value=\"\" size=\"40\" tabindex=\"-1\" autocomplete=\"new-password\" \/><\/span>\n<\/p>\n\n <!-- Nom -->\n<div class=\"uk-grid-match uk-grid-row-small uk-child-width-1-2@s\" uk-grid>\n\t<div>\n\t\t<p><label for=\"your-name\" class=\"form-label\">Nom<\/label><br \/>\n<span class=\"wpcf7-form-control-wrap\" data-name=\"your-name\"><input size=\"40\" maxlength=\"400\" class=\"wpcf7-form-control wpcf7-text wpcf7-validates-as-required uk-input\" id=\"your-name\" autocomplete=\"name\" aria-required=\"true\" aria-invalid=\"false\" placeholder=\"Introdueix el teu nom\" value=\"\" type=\"text\" name=\"your-name\" \/><\/span>\n\t\t<\/p>\n\t<\/div>\n\n <!-- Correu electr\u00f2nic -->\n\t<div>\n\t\t<p><label for=\"your-email\" class=\"form-label\">Correu electr\u00f2nic<\/label><br \/>\n<span class=\"wpcf7-form-control-wrap\" data-name=\"your-email\"><input size=\"40\" maxlength=\"400\" class=\"wpcf7-form-control wpcf7-email wpcf7-validates-as-required wpcf7-text wpcf7-validates-as-email uk-input\" id=\"your-email\" autocomplete=\"email\" aria-required=\"true\" aria-invalid=\"false\" placeholder=\"Introdueix el teu correu electr\u00f2nic\" value=\"\" type=\"email\" name=\"your-email\" \/><\/span>\n\t\t<\/p>\n\t<\/div>\n\n <!-- Empresa -->\n\t<div>\n\t\t<p><label for=\"your-company\" class=\"form-label\">Empresa<\/label><br \/>\n<span class=\"wpcf7-form-control-wrap\" data-name=\"your-company\"><input size=\"40\" maxlength=\"400\" class=\"wpcf7-form-control wpcf7-text uk-input\" id=\"your-company\" aria-invalid=\"false\" placeholder=\"Introdueix el nom de la teva empresa\" value=\"\" type=\"text\" name=\"your-company\" \/><\/span>\n\t\t<\/p>\n\t<\/div>\n\n <!-- Tel\u00e8fon -->\n\t<div>\n\t\t<p><label for=\"your-phone\" class=\"form-label\">Tel\u00e8fon<\/label><br \/>\n<span class=\"wpcf7-form-control-wrap\" data-name=\"your-phone\"><input size=\"40\" maxlength=\"400\" class=\"wpcf7-form-control wpcf7-tel wpcf7-text wpcf7-validates-as-tel uk-input\" id=\"your-phone\" aria-invalid=\"false\" placeholder=\"+34 612 345 678\" value=\"\" type=\"tel\" name=\"your-phone\" \/><\/span>\n\t\t<\/p>\n\t<\/div>\n\n <!-- Pa\u00eds -->\n\t<div>\n\t\t<p><label for=\"your-country\" class=\"form-label\">Pa\u00eds<\/label><br \/>\n<span class=\"wpcf7-form-control-wrap\" data-name=\"your-country\"><input size=\"40\" maxlength=\"400\" class=\"wpcf7-form-control wpcf7-text wpcf7-validates-as-required uk-input\" id=\"your-country\" aria-required=\"true\" aria-invalid=\"false\" placeholder=\"Introdueix el teu pa\u00eds\" value=\"\" type=\"text\" name=\"your-country\" \/><\/span>\n\t\t<\/p>\n\t<\/div>\n\n <!-- Selector d'assumpte -->\n\t<div>\n\t\t<p><label for=\"your-subject\" class=\"form-label\">Assumpte<\/label><br \/>\n<span class=\"wpcf7-form-control-wrap\" data-name=\"your-subject\"><select class=\"wpcf7-form-control wpcf7-select wpcf7-validates-as-required uk-input\" id=\"your-subject\" aria-required=\"true\" aria-invalid=\"false\" name=\"your-subject\"><option value=\"Consulta general\">Consulta general<\/option><option value=\"Sol\u00b7licitud de suport\">Sol\u00b7licitud de suport<\/option><option value=\"Consulta per a distribuci\u00f3\">Consulta per a distribuci\u00f3<\/option><option value=\"Col\u00b7laboraci\u00f3 \/ Aliances\">Col\u00b7laboraci\u00f3 \/ Aliances<\/option><option value=\"Altres\">Altres<\/option><\/select><\/span>\n\t\t<\/p>\n\t<\/div>\n\n\n <!-- Missatge -->\n\t<div class=\"uk-width-1-1\">\n\t\t<p><label for=\"your-message\" class=\"form-label\">El teu missatge (opcional)<\/label><br \/>\n<span class=\"wpcf7-form-control-wrap\" data-name=\"your-message\"><textarea cols=\"40\" rows=\"5\" maxlength=\"2000\" class=\"wpcf7-form-control wpcf7-textarea uk-textarea\" id=\"your-message\" aria-invalid=\"false\" placeholder=\"Escriu el teu missatge\" name=\"your-message\"><\/textarea><\/span>\n\t\t<\/p>\n\t<\/div>\n\n <!-- Bot\u00f3 d'enviament -->\n\t<div>\n\t\t<p><input class=\"wpcf7-form-control wpcf7-submit has-spinner uk-button uk-button-primary\" type=\"submit\" value=\"Enviar\" \/>\n\t\t<\/p>\n\t<\/div>\n<\/div><div class=\"wpcf7-response-output\" aria-hidden=\"true\"><\/div>\n<\/form>\n<\/div>\n<\/div>\n<\/div>\n<p><!--more--><br \/>\n<!-- {\"type\":\"layout\",\"children\":[{\"type\":\"section\",\"props\":{\"image_position\":\"center-center\",\"padding_bottom\":\"none\",\"style\":\"default\",\"title_breakpoint\":\"xl\",\"title_position\":\"top-left\",\"title_rotation\":\"left\",\"vertical_align\":\"middle\",\"width\":\"default\"},\"children\":[{\"type\":\"row\",\"props\":{\"layout\":\"2-3,1-3\"},\"children\":[{\"type\":\"column\",\"props\":{\"image_position\":\"center-center\",\"position_sticky_breakpoint\":\"m\",\"width_medium\":\"2-3\"},\"children\":[{\"type\":\"headline\",\"props\":{\"content\":\"Sobre Ball on Top\",\"image_align\":\"left\",\"image_margin\":\"xsmall\",\"title_element\":\"h1\"}},{\"type\":\"divider\",\"props\":{\"divider_element\":\"hr\",\"divider_style\":\"small\"}},{\"type\":\"text\",\"props\":{\"column_breakpoint\":\"m\",\"content\":\"\n\n<p>A Ball On Top, creiem que animar \u00e9s m\u00e9s que veure un partit. \u00c9s energia, emoci\u00f3 i formar part d'alguna cosa m\u00e9s gran.<\/p>\n\n\\n\n\n<p>Ball On Top \u00e9s una empresa centrada en el producte, dedicada a crear accessoris innovadors per a aficionats que converteixen els moments en experi\u00e8ncies. La nostra missi\u00f3 \u00e9s senzilla: ajudar la gent a celebrar amb m\u00e9s soroll, a destacar i a sentir-se connectada, tant si s\u00f3n a l'estadi, en un esdeveniment o al carrer.<\/p>\n\n\",\"margin_bottom\":\"default\",\"margin_top\":\"default\"}}]},{\"type\":\"column\",\"props\":{\"image_position\":\"center-center\",\"position_sticky_breakpoint\":\"m\",\"width_medium\":\"1-3\"}}]}]},{\"type\":\"section\",\"props\":{\"image_position\":\"center-center\",\"style\":\"default\",\"title_breakpoint\":\"xl\",\"title_position\":\"top-left\",\"title_rotation\":\"left\",\"vertical_align\":\"middle\",\"width\":\"default\"},\"children\":[{\"type\":\"row\",\"children\":[{\"type\":\"column\",\"props\":{\"image_position\":\"center-center\",\"position_sticky_breakpoint\":\"m\"},\"children\":[{\"type\":\"grid\",\"props\":{\"content_column_breakpoint\":\"m\",\"filter_align\":\"left\",\"filter_all\":true,\"filter_grid_breakpoint\":\"m\",\"filter_grid_width\":\"auto\",\"filter_position\":\"top\",\"filter_style\":\"tab\",\"grid_default\":\"1\",\"grid_medium\":\"2\",\"image_align\":\"top\",\"image_grid_breakpoint\":\"m\",\"image_grid_width\":\"1-2\",\"image_height\":540,\"image_link\":true,\"image_svg_color\":\"emphasis\",\"image_transition\":\"scale-up\",\"image_width\":720,\"item_animation\":true,\"lightbox_bg_close\":true,\"link_style\":\"primary\",\"link_text\":\"Read more\",\"margin_bottom\":\"default\",\"margin_top\":\"default\",\"meta_align\":\"below-title\",\"meta_element\":\"div\",\"meta_style\":\"text-meta\",\"show_content\":true,\"show_hover_image\":true,\"show_hover_video\":true,\"show_image\":true,\"show_link\":true,\"show_meta\":true,\"show_title\":true,\"show_video\":true,\"title_align\":\"top\",\"title_element\":\"h3\",\"title_grid_breakpoint\":\"m\",\"title_grid_width\":\"1-2\",\"title_hover_style\":\"reset\"},\"children\":[{\"type\":\"grid_item\",\"props\":{\"content\":\"\n\n<p>B.O.T va n\u00e9ixer de la idea que els aficionats no nom\u00e9s miren, sin\u00f3 que hi participen. Vam voler crear un producte wearable que aporti moviment, llum i diversi\u00f3 a cada celebraci\u00f3.<\/p>\n\n\",\"image\":\"wp-content\/uploads\/2026\/04\/how-it-works-video-poster.png\",\"image_alt\":\"Alien wearing an SL Benfica LED cap surrounded and hugged by fans\",\"title\":\"La idea\"}},{\"type\":\"grid_item\",\"props\":{\"content\":\"\n\n<p>Els nostres productes es desenvolupen internament i estan protegits per una patent d'utilitat registrada, la qual cosa reflecteix el nostre comprom\u00eds amb l'originalitat, la qualitat i la innovaci\u00f3.<\/p>\n\n\",\"image\":\"wp-content\/uploads\/2026\/04\/Group_09-scaled.jpg\",\"image_alt\":\"Alien wearing official FC Barcelona Ball On Top merchandise\",\"title\":\"Els nostres productes\"}}]}]}]}]},{\"type\":\"section\",\"props\":{\"image_position\":\"center-center\",\"style\":\"secondary\",\"title_breakpoint\":\"xl\",\"title_position\":\"top-left\",\"title_rotation\":\"left\",\"vertical_align\":\"middle\",\"width\":\"default\"},\"children\":[{\"type\":\"row\",\"children\":[{\"type\":\"column\",\"props\":{\"image_position\":\"center-center\",\"position_sticky_breakpoint\":\"m\"},\"children\":[{\"type\":\"headline\",\"props\":{\"content\":\"Des d'aficionats a l'esport i seguidors incondicionals fins a marques, esdeveniments i festes, Ball On Top est\u00e0 dissenyat per a tothom qui vulgui afegir emoci\u00f3 i il\u00b7lusi\u00f3 a la multitud. All\u00e0 on la gent celebra en grup, hi ha un moment Ball On Top a punt de succeir.\",\"image_align\":\"left\",\"image_margin\":\"xsmall\",\"title_element\":\"h4\"}}]}]}]},{\"type\":\"section\",\"props\":{\"image_position\":\"center-center\",\"style\":\"default\",\"title_breakpoint\":\"xl\",\"title_position\":\"top-left\",\"title_rotation\":\"left\",\"vertical_align\":\"middle\",\"width\":\"default\"},\"children\":[{\"type\":\"row\",\"children\":[{\"type\":\"column\",\"props\":{\"image_position\":\"center-center\",\"position_sticky_breakpoint\":\"m\"},\"children\":[{\"type\":\"headline\",\"props\":{\"content\":\"Voleu posar-vos en contacte?\",\"image_align\":\"left\",\"image_margin\":\"xsmall\",\"text_align\":\"center\",\"title_element\":\"h1\"}},{\"type\":\"divider\",\"props\":{\"divider_align\":\"center\",\"divider_element\":\"hr\",\"divider_style\":\"small\"}},{\"type\":\"text\",\"props\":{\"column_breakpoint\":\"m\",\"content\":\"Envieu-nos un missatge a continuaci\u00f3 i ens posarem en contacte amb vost\u00e8 aviat.\",\"margin_bottom\":\"default\",\"margin_top\":\"default\",\"text_align\":\"center\"}}]}]},{\"type\":\"row\",\"props\":{\"layout\":\"1-5,3-5,1-5\"},\"children\":[{\"type\":\"column\",\"props\":{\"image_position\":\"center-center\",\"position_sticky_breakpoint\":\"m\",\"width_medium\":\"1-5\"}},{\"type\":\"column\",\"props\":{\"image_position\":\"center-center\",\"position_sticky_breakpoint\":\"m\",\"width_medium\":\"3-5\"},\"children\":[{\"type\":\"panel\",\"props\":{\"content\":\"[contact-form-7 id=\\\"059f76d\\\" title=\\\"Contact & Support CA\\\" html_class=\\\"uk-form\\\"]\",\"content_column_breakpoint\":\"m\",\"css\":\".el-element {\\n    padding-top:0;\\n}\\n.el-element .uk-button {\\n    background: #efd702;\\n    border: #efd702;\\n    min-width: 120px;\\n}\\n.el-element .uk-button:hover {\\n    background: #111;\\n    border: #111;\\n    color: #fff;\\n}\\n\",\"image_align\":\"top\",\"image_grid_breakpoint\":\"m\",\"image_grid_width\":\"1-2\",\"image_svg_color\":\"emphasis\",\"link_style\":\"default\",\"link_text\":\"Read more\",\"margin_bottom\":\"default\",\"margin_top\":\"default\",\"meta_align\":\"below-title\",\"meta_element\":\"div\",\"meta_style\":\"text-meta\",\"panel_padding\":\"default\",\"panel_style\":\"tile-muted\",\"title_align\":\"top\",\"title_element\":\"h3\",\"title_grid_breakpoint\":\"m\",\"title_grid_width\":\"1-2\",\"title_hover_style\":\"reset\"}}]},{\"type\":\"column\",\"props\":{\"image_position\":\"center-center\",\"position_sticky_breakpoint\":\"m\",\"width_medium\":\"1-5\"}}]}]}],\"version\":\"5.0.28\"} --><\/p>\n","protected":false},"excerpt":{"rendered":"<p>Sobre Ball on Top A Ball On Top, creiem que animar \u00e9s m\u00e9s que veure un partit. \u00c9s energia, emoci\u00f3 i formar part d&#8217;alguna cosa m\u00e9s gran. Ball On Top \u00e9s una empresa centrada en el producte, dedicada a crear accessoris innovadors per a aficionats que converteixen els moments en experi\u00e8ncies. La nostra missi\u00f3 \u00e9s [&hellip;]<\/p>\n","protected":false},"author":2,"featured_media":0,"parent":0,"menu_order":0,"comment_status":"closed","ping_status":"closed","template":"","meta":{"_acf_changed":false,"footnotes":""},"class_list":["post-1499","page","type-page","status-publish","hentry"],"acf":[],"yoast_head":"<!-- This site is optimized with the Yoast SEO plugin v27.3 - https:\/\/yoast.com\/product\/yoast-seo-wordpress\/ -->\n<title>Sobre nosaltres - Ball on Top<\/title>\n<meta name=\"robots\" content=\"index, follow, max-snippet:-1, max-image-preview:large, max-video-preview:-1\" \/>\n<link rel=\"canonical\" href=\"https:\/\/ballontop.com\/ca\/sobre-nosaltres\/\" \/>\n<meta property=\"og:locale\" content=\"ca_ES\" \/>\n<meta property=\"og:type\" content=\"article\" \/>\n<meta property=\"og:title\" content=\"Sobre nosaltres - Ball on Top\" \/>\n<meta property=\"og:description\" content=\"Sobre Ball on Top A Ball On Top, creiem que animar \u00e9s m\u00e9s que veure un partit. \u00c9s energia, emoci\u00f3 i formar part d&#8217;alguna cosa m\u00e9s gran. Ball On Top \u00e9s una empresa centrada en el producte, dedicada a crear accessoris innovadors per a aficionats que converteixen els moments en experi\u00e8ncies. La nostra missi\u00f3 \u00e9s [&hellip;]\" \/>\n<meta property=\"og:url\" content=\"https:\/\/ballontop.com\/ca\/sobre-nosaltres\/\" \/>\n<meta property=\"og:site_name\" content=\"Ball on Top\" \/>\n<meta property=\"article:modified_time\" content=\"2026-04-11T16:10:03+00:00\" \/>\n<meta name=\"twitter:card\" content=\"summary_large_image\" \/>\n<meta name=\"twitter:label1\" content=\"Temps estimat de lectura\" \/>\n\t<meta name=\"twitter:data1\" content=\"2 minuts\" \/>\n<script type=\"application\/ld+json\" class=\"yoast-schema-graph\">{\"@context\":\"https:\\\/\\\/schema.org\",\"@graph\":[{\"@type\":\"WebPage\",\"@id\":\"https:\\\/\\\/ballontop.com\\\/ca\\\/sobre-nosaltres\\\/\",\"url\":\"https:\\\/\\\/ballontop.com\\\/ca\\\/sobre-nosaltres\\\/\",\"name\":\"Sobre nosaltres - Ball on Top\",\"isPartOf\":{\"@id\":\"https:\\\/\\\/ballontop.com\\\/ca\\\/#website\"},\"datePublished\":\"2026-01-21T19:52:34+00:00\",\"dateModified\":\"2026-04-11T16:10:03+00:00\",\"breadcrumb\":{\"@id\":\"https:\\\/\\\/ballontop.com\\\/ca\\\/sobre-nosaltres\\\/#breadcrumb\"},\"inLanguage\":\"ca\",\"potentialAction\":[{\"@type\":\"ReadAction\",\"target\":[\"https:\\\/\\\/ballontop.com\\\/ca\\\/sobre-nosaltres\\\/\"]}]},{\"@type\":\"BreadcrumbList\",\"@id\":\"https:\\\/\\\/ballontop.com\\\/ca\\\/sobre-nosaltres\\\/#breadcrumb\",\"itemListElement\":[{\"@type\":\"ListItem\",\"position\":1,\"name\":\"Home\",\"item\":\"https:\\\/\\\/ballontop.com\\\/ca\\\/\"},{\"@type\":\"ListItem\",\"position\":2,\"name\":\"Sobre nosaltres\"}]},{\"@type\":\"WebSite\",\"@id\":\"https:\\\/\\\/ballontop.com\\\/ca\\\/#website\",\"url\":\"https:\\\/\\\/ballontop.com\\\/ca\\\/\",\"name\":\"Ball on Top\",\"description\":\"Official and collectible accessories for fans of all leagues.\",\"publisher\":{\"@id\":\"https:\\\/\\\/ballontop.com\\\/ca\\\/#organization\"},\"potentialAction\":[{\"@type\":\"SearchAction\",\"target\":{\"@type\":\"EntryPoint\",\"urlTemplate\":\"https:\\\/\\\/ballontop.com\\\/ca\\\/?s={search_term_string}\"},\"query-input\":{\"@type\":\"PropertyValueSpecification\",\"valueRequired\":true,\"valueName\":\"search_term_string\"}}],\"inLanguage\":\"ca\"},{\"@type\":\"Organization\",\"@id\":\"https:\\\/\\\/ballontop.com\\\/ca\\\/#organization\",\"name\":\"Ball on Top\",\"url\":\"https:\\\/\\\/ballontop.com\\\/ca\\\/\",\"logo\":{\"@type\":\"ImageObject\",\"inLanguage\":\"ca\",\"@id\":\"https:\\\/\\\/ballontop.com\\\/ca\\\/#\\\/schema\\\/logo\\\/image\\\/\",\"url\":\"https:\\\/\\\/ballontop.com\\\/wp-content\\\/uploads\\\/2025\\\/10\\\/cropped-BOT_logo_bw.png\",\"contentUrl\":\"https:\\\/\\\/ballontop.com\\\/wp-content\\\/uploads\\\/2025\\\/10\\\/cropped-BOT_logo_bw.png\",\"width\":1665,\"height\":517,\"caption\":\"Ball on Top\"},\"image\":{\"@id\":\"https:\\\/\\\/ballontop.com\\\/ca\\\/#\\\/schema\\\/logo\\\/image\\\/\"}}]}<\/script>\n<!-- \/ Yoast SEO plugin. -->","yoast_head_json":{"title":"Sobre nosaltres - Ball on Top","robots":{"index":"index","follow":"follow","max-snippet":"max-snippet:-1","max-image-preview":"max-image-preview:large","max-video-preview":"max-video-preview:-1"},"canonical":"https:\/\/ballontop.com\/ca\/sobre-nosaltres\/","og_locale":"ca_ES","og_type":"article","og_title":"Sobre nosaltres - Ball on Top","og_description":"Sobre Ball on Top A Ball On Top, creiem que animar \u00e9s m\u00e9s que veure un partit. \u00c9s energia, emoci\u00f3 i formar part d&#8217;alguna cosa m\u00e9s gran. Ball On Top \u00e9s una empresa centrada en el producte, dedicada a crear accessoris innovadors per a aficionats que converteixen els moments en experi\u00e8ncies. La nostra missi\u00f3 \u00e9s [&hellip;]","og_url":"https:\/\/ballontop.com\/ca\/sobre-nosaltres\/","og_site_name":"Ball on Top","article_modified_time":"2026-04-11T16:10:03+00:00","twitter_card":"summary_large_image","twitter_misc":{"Temps estimat de lectura":"2 minuts"},"schema":{"@context":"https:\/\/schema.org","@graph":[{"@type":"WebPage","@id":"https:\/\/ballontop.com\/ca\/sobre-nosaltres\/","url":"https:\/\/ballontop.com\/ca\/sobre-nosaltres\/","name":"Sobre nosaltres - Ball on Top","isPartOf":{"@id":"https:\/\/ballontop.com\/ca\/#website"},"datePublished":"2026-01-21T19:52:34+00:00","dateModified":"2026-04-11T16:10:03+00:00","breadcrumb":{"@id":"https:\/\/ballontop.com\/ca\/sobre-nosaltres\/#breadcrumb"},"inLanguage":"ca","potentialAction":[{"@type":"ReadAction","target":["https:\/\/ballontop.com\/ca\/sobre-nosaltres\/"]}]},{"@type":"BreadcrumbList","@id":"https:\/\/ballontop.com\/ca\/sobre-nosaltres\/#breadcrumb","itemListElement":[{"@type":"ListItem","position":1,"name":"Home","item":"https:\/\/ballontop.com\/ca\/"},{"@type":"ListItem","position":2,"name":"Sobre nosaltres"}]},{"@type":"WebSite","@id":"https:\/\/ballontop.com\/ca\/#website","url":"https:\/\/ballontop.com\/ca\/","name":"Ball on Top","description":"Official and collectible accessories for fans of all leagues.","publisher":{"@id":"https:\/\/ballontop.com\/ca\/#organization"},"potentialAction":[{"@type":"SearchAction","target":{"@type":"EntryPoint","urlTemplate":"https:\/\/ballontop.com\/ca\/?s={search_term_string}"},"query-input":{"@type":"PropertyValueSpecification","valueRequired":true,"valueName":"search_term_string"}}],"inLanguage":"ca"},{"@type":"Organization","@id":"https:\/\/ballontop.com\/ca\/#organization","name":"Ball on Top","url":"https:\/\/ballontop.com\/ca\/","logo":{"@type":"ImageObject","inLanguage":"ca","@id":"https:\/\/ballontop.com\/ca\/#\/schema\/logo\/image\/","url":"https:\/\/ballontop.com\/wp-content\/uploads\/2025\/10\/cropped-BOT_logo_bw.png","contentUrl":"https:\/\/ballontop.com\/wp-content\/uploads\/2025\/10\/cropped-BOT_logo_bw.png","width":1665,"height":517,"caption":"Ball on Top"},"image":{"@id":"https:\/\/ballontop.com\/ca\/#\/schema\/logo\/image\/"}}]}},"_links":{"self":[{"href":"https:\/\/ballontop.com\/ca\/wp-json\/wp\/v2\/pages\/1499","targetHints":{"allow":["GET"]}}],"collection":[{"href":"https:\/\/ballontop.com\/ca\/wp-json\/wp\/v2\/pages"}],"about":[{"href":"https:\/\/ballontop.com\/ca\/wp-json\/wp\/v2\/types\/page"}],"author":[{"embeddable":true,"href":"https:\/\/ballontop.com\/ca\/wp-json\/wp\/v2\/users\/2"}],"replies":[{"embeddable":true,"href":"https:\/\/ballontop.com\/ca\/wp-json\/wp\/v2\/comments?post=1499"}],"version-history":[{"count":6,"href":"https:\/\/ballontop.com\/ca\/wp-json\/wp\/v2\/pages\/1499\/revisions"}],"predecessor-version":[{"id":2620,"href":"https:\/\/ballontop.com\/ca\/wp-json\/wp\/v2\/pages\/1499\/revisions\/2620"}],"wp:attachment":[{"href":"https:\/\/ballontop.com\/ca\/wp-json\/wp\/v2\/media?parent=1499"}],"curies":[{"name":"wp","href":"https:\/\/api.w.org\/{rel}","templated":true}]}}